{"id":99,"date":"2016-03-28T09:57:25","date_gmt":"2016-03-28T08:57:25","guid":{"rendered":"http:\/\/www.dgphoto.be\/?page_id=99"},"modified":"2024-01-17T11:26:51","modified_gmt":"2024-01-17T10:26:51","slug":"bon-cadeau-photographe-liege","status":"publish","type":"page","link":"https:\/\/www.dgphoto.be\/index.php\/bon-cadeau-photographe-liege\/","title":{"rendered":"Bon cadeau"},"content":{"rendered":"<h4 style=\"text-align: center;\">Pour r\u00e9server et recevoir votre bon cadeau <strong>personnalis\u00e9<\/strong> t\u00e9l\u00e9phonez moi 0483\/74 69 91<\/h4>\n<h4 style=\"text-align: center;\">ou par mail delphine@dgphoto.be<\/h4>\n<h4 style=\"text-align: center;\">\u00a0La carte cadeau peut vous \u00eatre envoy\u00e9e par mail ou d\u00e9livr\u00e9e en main propre au studio.<\/h4>\n<div class='row'><div style='padding-bottom:30px;' class='span12 first-module module_number_1 module_cont  module_text_area'><div class='bg_title'><h4 style='color:#000000;' class='headInModule'>Bon Cadeau<\/h4><\/div>\n                <div class='module_content'>\n                    <p>Pour une grossesse,&nbsp; une naissance, un anniversaire, la f&ecirc;te des m&egrave;res,&hellip; ou tout simplement quand on ne sait pas quoi offrir, pour toutes les occasions, une s&eacute;ance photo avec un professionnel reste toujours un cadeau original. C&rsquo;est LE cadeau que l&rsquo;on aime recevoir : un souvenir exceptionnel et imp&eacute;rissable.<\/p>\r\n<p>dg photo vous offre l&rsquo;opportunit&eacute; de faire plaisir aux personnes que vous aimez en vous proposant une carte cadeau pour la s&eacute;ance de votre choix. La carte cadeau peut vous &ecirc;tre envoy&eacute;e par mail ou d&eacute;livr&eacute;e en main propre au studio.<\/p>\n                <\/div><\/div><!-- .module_cont --><\/div>","protected":false},"excerpt":{"rendered":"<p>Pour r\u00e9server et recevoir votre bon cadeau personnalis\u00e9 t\u00e9l\u00e9phonez moi 0483\/74 69 91 ou par mail delphine@dgphoto.be \u00a0La carte cadeau peut vous \u00eatre envoy\u00e9e par mail ou d\u00e9livr\u00e9e en main propre au studio. Bon Cadeau Pour une grossesse,&nbsp; une naissance, un anniversaire, la f&ecirc;te des m&egrave;res,&hellip; ou tout simplement quand on ne sait pas quoi offrir, pour toutes les occasions, une s&eacute;ance photo avec un professionnel reste toujours un cadeau original. C&rsquo;est LE cadeau que l&rsquo;on aime recevoir : un souvenir exceptionnel et imp&eacute;rissable. dg photo vous offre l&rsquo;opportunit&eacute; de faire plaisir aux personnes que vous aimez en vous proposant une carte cadeau pour la s&eacute;ance de votre choix. La carte cadeau peut vous &ecirc;tre envoy&eacute;e par mail ou d&eacute;livr&eacute;e en main propre au studio.<\/p>\n","protected":false},"author":1,"featured_media":0,"parent":0,"menu_order":0,"comment_status":"closed","ping_status":"closed","template":"page-center.php","meta":{"footnotes":""},"class_list":["post-99","page","type-page","status-publish","hentry"],"_links":{"self":[{"href":"https:\/\/www.dgphoto.be\/index.php\/wp-json\/wp\/v2\/pages\/99","targetHints":{"allow":["GET"]}}],"collection":[{"href":"https:\/\/www.dgphoto.be\/index.php\/wp-json\/wp\/v2\/pages"}],"about":[{"href":"https:\/\/www.dgphoto.be\/index.php\/wp-json\/wp\/v2\/types\/page"}],"author":[{"embeddable":true,"href":"https:\/\/www.dgphoto.be\/index.php\/wp-json\/wp\/v2\/users\/1"}],"replies":[{"embeddable":true,"href":"https:\/\/www.dgphoto.be\/index.php\/wp-json\/wp\/v2\/comments?post=99"}],"version-history":[{"count":9,"href":"https:\/\/www.dgphoto.be\/index.php\/wp-json\/wp\/v2\/pages\/99\/revisions"}],"predecessor-version":[{"id":823,"href":"https:\/\/www.dgphoto.be\/index.php\/wp-json\/wp\/v2\/pages\/99\/revisions\/823"}],"wp:attachment":[{"href":"https:\/\/www.dgphoto.be\/index.php\/wp-json\/wp\/v2\/media?parent=99"}],"curies":[{"name":"wp","href":"https:\/\/api.w.org\/{rel}","templated":true}]}}