{"id":412,"date":"2016-12-15T14:33:40","date_gmt":"2016-12-15T13:33:40","guid":{"rendered":"http:\/\/www.dgphoto.be\/?page_id=412"},"modified":"2024-01-04T08:57:35","modified_gmt":"2024-01-04T07:57:35","slug":"tarif-smash-the-cake","status":"publish","type":"page","link":"https:\/\/www.dgphoto.be\/index.php\/tarif-smash-the-cake\/","title":{"rendered":"Tarif \u00ab\u00a0Smash the cake\u00a0\u00bb"},"content":{"rendered":"<div class='row'><div style='padding-bottom:30px;' class='span12 first-module module_number_1 module_cont center_title module_price_table'><div class=\"module_price_table price_table_wrapper\">\n                <div class=\"price_item \" style=\"width:100%;\">\n                    <div class=\"price_item_wrapper\">\n\t\t\t\t\t\t<div class=\"price_item_title\"><h5>S\u00e9ance &quot;Smash the cake&quot;<\/h5><\/div>\n\t\t\t\t\t\t<div class=\"price_item_body\">\n\t\t\t\t\t\t\t<div class=\"item_cost_wrapper\">\n\t\t\t\t\t\t\t\t<div class=\"price_item_cost\">\n\t\t\t\t\t\t\t\t\t<h1>165 euros<\/h1>\n\t\t\t\t\t\t\t\t\t<h4><\/h4>\n\t\t\t\t\t\t\t\t<\/div>\n\t\t\t\t\t\t\t\t<div class=\"price_ico_default\"><\/div>\n\t\t\t\t\t\t\t<\/div><!-- .item_cost_wrapper --><div class=\"price_item_text\">La s\u00e9ance photo dans un d\u00e9cor de f\u00eate<\/div><div class=\"price_item_text\">Suivi d&#039;une mini s\u00e9ance &quot;Bain&quot;<\/div><div class=\"price_item_text\">Vous apportez le g\u00e2teau de votre choix <\/div><div class=\"price_item_text\">5 photos retouch\u00e9es en format HD \u00e0 t\u00e9l\u00e9charger<\/div><\/div>\n\t\t\t<div class=\"price_item_btn\">\n\t\t\t\t<a href=\"mailto:delphine@dgphoto.be\">\n\t\t\t\t\t<h5>En savoir plus<\/h5>\n\t\t\t\t<\/a>\n\t\t\t<\/div>\t\t\t\n                    <\/div>\n                <\/div>\n            <\/div><\/div><!-- .module_cont --><\/div>","protected":false},"excerpt":{"rendered":"<p>S\u00e9ance &quot;Smash the cake&quot; 165 euros La s\u00e9ance photo dans un d\u00e9cor de f\u00eateSuivi d&#039;une mini s\u00e9ance &quot;Bain&quot;Vous apportez le g\u00e2teau de votre choix 5 photos retouch\u00e9es en format HD \u00e0 t\u00e9l\u00e9charger En savoir plus<\/p>\n","protected":false},"author":2,"featured_media":0,"parent":0,"menu_order":0,"comment_status":"closed","ping_status":"closed","template":"","meta":{"footnotes":""},"class_list":["post-412","page","type-page","status-publish","hentry"],"_links":{"self":[{"href":"https:\/\/www.dgphoto.be\/index.php\/wp-json\/wp\/v2\/pages\/412","targetHints":{"allow":["GET"]}}],"collection":[{"href":"https:\/\/www.dgphoto.be\/index.php\/wp-json\/wp\/v2\/pages"}],"about":[{"href":"https:\/\/www.dgphoto.be\/index.php\/wp-json\/wp\/v2\/types\/page"}],"author":[{"embeddable":true,"href":"https:\/\/www.dgphoto.be\/index.php\/wp-json\/wp\/v2\/users\/2"}],"replies":[{"embeddable":true,"href":"https:\/\/www.dgphoto.be\/index.php\/wp-json\/wp\/v2\/comments?post=412"}],"version-history":[{"count":1,"href":"https:\/\/www.dgphoto.be\/index.php\/wp-json\/wp\/v2\/pages\/412\/revisions"}],"predecessor-version":[{"id":413,"href":"https:\/\/www.dgphoto.be\/index.php\/wp-json\/wp\/v2\/pages\/412\/revisions\/413"}],"wp:attachment":[{"href":"https:\/\/www.dgphoto.be\/index.php\/wp-json\/wp\/v2\/media?parent=412"}],"curies":[{"name":"wp","href":"https:\/\/api.w.org\/{rel}","templated":true}]}}