{"id":29,"date":"2016-03-02T19:36:54","date_gmt":"2016-03-02T18:36:54","guid":{"rendered":"http:\/\/www.dgphoto.be\/?page_id=29"},"modified":"2024-01-04T08:58:35","modified_gmt":"2024-01-04T07:58:35","slug":"tarifs-pascher-photographe-liege","status":"publish","type":"page","link":"https:\/\/www.dgphoto.be\/index.php\/tarifs-pascher-photographe-liege\/","title":{"rendered":"Tarifs Grossesse \/ Nouveau-n\u00e9s \/ enfants"},"content":{"rendered":"<div class='row'><div style='padding-bottom:30px;' class='span12 first-module module_number_1 module_cont  module_title'><div class='bg_title'><h3 style='color:#000;' class='headInModule'>3 packs pour les grossesses, nouveau-n\u00e9s et enfants.<\/h3><\/div><\/div><!-- .module_cont --><\/div><div class='row'><div style='padding-bottom:30px;' class='span12  module_number_2 module_cont  module_text_area'>\n                <div class='module_content'>\n                    <p><span style=\"text-decoration: underline;\"><strong>Nouveau-n&eacute;s<\/strong><\/span><br \/><br \/>Pour photographier vos nouveau-n&eacute;s, le meilleur moment reste les premiers quinze jours, les b&eacute;b&eacute;s changent si rapidement&hellip; C&rsquo;est pourquoi je vous conseille de me contacter avant la naissance afin de fixer une date que nous pourrons au besoin d&eacute;placer.<br \/><br \/>Le d&eacute;roulement de la s&eacute;ance sera adapt&eacute; &agrave; votre petit bout et &agrave; ses besoins (le n&eacute;cessaire sera mis &agrave; votre disposition pour le changer, chauffer son biberon, vous permettre de l&rsquo;allaiter,&hellip;). Je vous proposerai diff&eacute;rents accessoires et fonds afin d&rsquo;agr&eacute;menter vos photos selon vos personnalit&eacute;s. Toutes les pi&egrave;ces personnelles sont bien entendu les bienvenues (chaussons, tissu, le doudou, son nounours ou son jouet pr&eacute;f&eacute;r&eacute;).<br \/><br \/>Les grands fr&egrave;res et s&oelig;urs doivent &ecirc;tre accompagn&eacute;s d&rsquo;une personne suppl&eacute;mentaire qui s&rsquo;occupera d&rsquo;eux, afin que la s&eacute;ance se d&eacute;roule dans les meilleures conditions.<br \/><br \/>Apr&egrave;s le shooting, vous rentrez chez vous,&nbsp; je m&rsquo;occupe du reste et vous pr&eacute;viens d&egrave;s que le pack est disponible.<\/p>\r\n<p><br \/><br \/><span style=\"text-decoration: underline;\"><strong>Enfant \/ famille<\/strong><\/span><br \/><br \/>A un, &agrave; deux, &agrave; trois,&hellip; entre cousins, entre voisins,&hellip; avec papy et mamy, avec papa et maman,&hellip; Offrez-vous de beaux souvenirs !<\/p>\r\n<p><br \/><br \/><span style=\"text-decoration: underline;\"><strong>Grossesse<\/strong><\/span><br \/><br \/>Le meilleur moment pour la s&eacute;ance de maternit&eacute; est entre la 30 et 35e semaine : &agrave; ce moment votre ventre est bien en forme et cela reste confortable pour vous. Comme la grossesse se vit en couple et en famille, les futurs papas, grands fr&egrave;res et grandes s&oelig;urs sont les bienvenus.<\/p>\r\n<p>Toutes les pi&egrave;ces personnelles sont bien entendu les bienvenues (chaussons, tissu, doudou, nounours, pr&eacute;nom,&hellip;)<\/p>\n                <\/div><\/div><!-- .module_cont --><\/div><div class='row'><div style='padding-bottom:30px;' class='span4  module_number_3 module_cont center_title module_price_table'><div class=\"module_price_table price_table_wrapper\">\n                <div class=\"price_item \" style=\"width:100%;\">\n                    <div class=\"price_item_wrapper\">\n\t\t\t\t\t\t<div class=\"price_item_title\"><h5>Le pack Do <\/h5><\/div>\n\t\t\t\t\t\t<div class=\"price_item_body\">\n\t\t\t\t\t\t\t<div class=\"item_cost_wrapper\">\n\t\t\t\t\t\t\t\t<div class=\"price_item_cost\">\n\t\t\t\t\t\t\t\t\t<h1>135 euros<\/h1>\n\t\t\t\t\t\t\t\t\t<h4><\/h4>\n\t\t\t\t\t\t\t\t<\/div>\n\t\t\t\t\t\t\t\t<div class=\"price_ico_default\"><\/div>\n\t\t\t\t\t\t\t<\/div><!-- .item_cost_wrapper --><div class=\"price_item_text\">La s\u00e9ance photo<\/div><div class=\"price_item_text\">8 photos retouch\u00e9es et imprim\u00e9es en 13x18<\/div><div class=\"price_item_text\">qu&#039;une photo en format HD (haute d\u00e9finition) \u00e0 t\u00e9l\u00e9charger ( cette photo fait partie de la s\u00e9lection de 8 photos)<\/div><\/div>\n\t\t\t<div class=\"price_item_btn\">\n\t\t\t\t<a href=\"mailto:delphine@dgphoto.be\">\n\t\t\t\t\t<h5>En savoir plus<\/h5>\n\t\t\t\t<\/a>\n\t\t\t<\/div>\t\t\t\n                    <\/div>\n                <\/div>\n            <\/div><\/div><!-- .module_cont --><div style='padding-bottom:30px;' class='span4  module_number_4 module_cont center_title module_price_table'><div class=\"module_price_table price_table_wrapper\">\n                <div class=\"price_item \" style=\"width:100%;\">\n                    <div class=\"price_item_wrapper\">\n\t\t\t\t\t\t<div class=\"price_item_title\"><h5>Le pack R\u00e9 <\/h5><\/div>\n\t\t\t\t\t\t<div class=\"price_item_body\">\n\t\t\t\t\t\t\t<div class=\"item_cost_wrapper\">\n\t\t\t\t\t\t\t\t<div class=\"price_item_cost\">\n\t\t\t\t\t\t\t\t\t<h1>230 euros<\/h1>\n\t\t\t\t\t\t\t\t\t<h4><\/h4>\n\t\t\t\t\t\t\t\t<\/div>\n\t\t\t\t\t\t\t\t<div class=\"price_ico_default\"><\/div>\n\t\t\t\t\t\t\t<\/div><!-- .item_cost_wrapper --><div class=\"price_item_text\">La s\u00e9ance photo<\/div><div class=\"price_item_text\">12 photos retouch\u00e9es et imprim\u00e9es en 13x18<\/div><div class=\"price_item_text\">un agrandissement 20X30 <\/div><div class=\"price_item_text\"> les 12 photos au format HD num\u00e9rique (couleur et N&amp;B) \u00e0 t\u00e9l\u00e9charger<\/div><\/div>\n\t\t\t<div class=\"price_item_btn\">\n\t\t\t\t<a href=\"mailto:delphine@dgphoto.be\">\n\t\t\t\t\t<h5>En savoir plus<\/h5>\n\t\t\t\t<\/a>\n\t\t\t<\/div>\t\t\t\n                    <\/div>\n                <\/div>\n            <\/div><\/div><!-- .module_cont --><div style='padding-bottom:30px;' class='span4  module_number_5 module_cont center_title module_price_table'><div class=\"module_price_table price_table_wrapper\">\n                <div class=\"price_item \" style=\"width:100%;\">\n                    <div class=\"price_item_wrapper\">\n\t\t\t\t\t\t<div class=\"price_item_title\"><h5>Le pack Mi <\/h5><\/div>\n\t\t\t\t\t\t<div class=\"price_item_body\">\n\t\t\t\t\t\t\t<div class=\"item_cost_wrapper\">\n\t\t\t\t\t\t\t\t<div class=\"price_item_cost\">\n\t\t\t\t\t\t\t\t\t<h1>320 euros<\/h1>\n\t\t\t\t\t\t\t\t\t<h4><\/h4>\n\t\t\t\t\t\t\t\t<\/div>\n\t\t\t\t\t\t\t\t<div class=\"price_ico_default\"><\/div>\n\t\t\t\t\t\t\t<\/div><!-- .item_cost_wrapper --><div class=\"price_item_text\">La s\u00e9ance photo<\/div><div class=\"price_item_text\">15 photos retouch\u00e9es et imprim\u00e9es en 13x18<\/div><div class=\"price_item_text\">4 agrandissements 20X30<\/div><div class=\"price_item_text\">un baby album de la s\u00e9ance <\/div><div class=\"price_item_text\">les 15 photos au format HD num\u00e9rique (couleur et N&amp;B) \u00e0 t\u00e9l\u00e9charger<\/div><\/div>\n\t\t\t<div class=\"price_item_btn\">\n\t\t\t\t<a href=\"mailto:delphine@dgphoto.be\">\n\t\t\t\t\t<h5>En savoir Plus<\/h5>\n\t\t\t\t<\/a>\n\t\t\t<\/div>\t\t\t\n                    <\/div>\n                <\/div>\n            <\/div><\/div><!-- .module_cont --><\/div><div class='row'><div style='padding-bottom:50px;' class='span12  module_number_6 module_cont  module_price_table'><div class='bg_title'><h3 style='' class='headInModule'>pack Grossesse et nouveau-n\u00e9 <\/h3><\/div><div class=\"module_price_table price_table_wrapper\">\n                <div class=\"price_item \" style=\"width:100%;\">\n                    <div class=\"price_item_wrapper\">\n\t\t\t\t\t\t<div class=\"price_item_title\"><h5>Pack Grossesse et nouveau-n\u00e9 <\/h5><\/div>\n\t\t\t\t\t\t<div class=\"price_item_body\">\n\t\t\t\t\t\t\t<div class=\"item_cost_wrapper\">\n\t\t\t\t\t\t\t\t<div class=\"price_item_cost\">\n\t\t\t\t\t\t\t\t\t<h1>380 euros<\/h1>\n\t\t\t\t\t\t\t\t\t<h4><\/h4>\n\t\t\t\t\t\t\t\t<\/div>\n\t\t\t\t\t\t\t\t<div class=\"price_ico_default\"><\/div>\n\t\t\t\t\t\t\t<\/div><!-- .item_cost_wrapper --><div class=\"price_item_text\">Une premi\u00e8re s\u00e9ance photo grossesse comprenant 10 photos retouch\u00e9es et imprim\u00e9es en 13x18<\/div><div class=\"price_item_text\">10 photos \u00e0 t\u00e9l\u00e9charger en HD<\/div><div class=\"price_item_text\">deuxi\u00e8me s\u00e9ance photo nouveau n\u00e9 comprenant 12 photos retouch\u00e9es et imprim\u00e9es en 13X18<\/div><div class=\"price_item_text\"> les 22 photos (total des 2 s\u00e9ances) au format HD num\u00e9rique (couleur et N&amp;B) \u00e0 t\u00e9l\u00e9charger\r\n<\/div><div class=\"price_item_text\">Pour 150 \u20ac suppl\u00e9mentaire, je r\u00e9alise le suivi de votre grossesse ( prise de vue chaque mois et r\u00e9alisation du montage final )<\/div><\/div>\n\t\t\t<div class=\"price_item_btn\">\n\t\t\t\t<a href=\"\">\n\t\t\t\t\t<h5>En savoir Plus<\/h5>\n\t\t\t\t<\/a>\n\t\t\t<\/div>\t\t\t\n                    <\/div>\n                <\/div>\n            <\/div><\/div><!-- .module_cont --><\/div><div class='row'><div style='padding-bottom:30px;' class='span12  module_number_7 module_cont  module_price_table'><div class='bg_title'><h4 style='' class='headInModule'>S\u00e9ance famille en ext\u00e9rieur<\/h4><\/div><div class=\"module_price_table price_table_wrapper\">\n                <div class=\"price_item \" style=\"width:50%;\">\n                    <div class=\"price_item_wrapper\">\n\t\t\t\t\t\t<div class=\"price_item_title\"><h5>S\u00e9ance famille en ext\u00e9rieur<\/h5><\/div>\n\t\t\t\t\t\t<div class=\"price_item_body\">\n\t\t\t\t\t\t\t<div class=\"item_cost_wrapper\">\n\t\t\t\t\t\t\t\t<div class=\"price_item_cost\">\n\t\t\t\t\t\t\t\t\t<h1>200 euros<\/h1>\n\t\t\t\t\t\t\t\t\t<h4><\/h4>\n\t\t\t\t\t\t\t\t<\/div>\n\t\t\t\t\t\t\t\t<div class=\"price_ico_default\"><\/div>\n\t\t\t\t\t\t\t<\/div><!-- .item_cost_wrapper --><div class=\"price_item_text\">S\u00e9ance r\u00e9alis\u00e9e en Mai, Juin, Juillet, Ao\u00fbt, Septembre, Octobre ( rdv report\u00e9 en cas de mauvais temps)\r\n\r\n\r\n\r\n\r\n<\/div><div class=\"price_item_text\">Profitons d&#039;une petite ballade pour capturer votre famille et vos merveilles dans un d\u00e9cor naturel.<\/div><div class=\"price_item_text\">10 photos au HD num\u00e9rique (couleur et N&amp;B) \u00e0 t\u00e9l\u00e9charger<\/div><\/div>\n\t\t\t<div class=\"price_item_btn\">\n\t\t\t\t<a href=\"\">\n\t\t\t\t\t<h5><\/h5>\n\t\t\t\t<\/a>\n\t\t\t<\/div>\t\t\t\n                    <\/div>\n                <\/div>\n            \n                <div class=\"price_item \" style=\"width:50%;\">\n                    <div class=\"price_item_wrapper\">\n\t\t\t\t\t\t<div class=\"price_item_title\"><h5><\/h5><\/div>\n\t\t\t\t\t\t<div class=\"price_item_body\">\n\t\t\t\t\t\t\t<div class=\"item_cost_wrapper\">\n\t\t\t\t\t\t\t\t<div class=\"price_item_cost\">\n\t\t\t\t\t\t\t\t\t<h1><\/h1>\n\t\t\t\t\t\t\t\t\t<h4><\/h4>\n\t\t\t\t\t\t\t\t<\/div>\n\t\t\t\t\t\t\t\t<div class=\"price_ico_default\"><\/div>\n\t\t\t\t\t\t\t<\/div><!-- .item_cost_wrapper --><div class=\"price_item_text\"><\/div><\/div>\n\t\t\t<div class=\"price_item_btn\">\n\t\t\t\t<a href=\"\">\n\t\t\t\t\t<h5><\/h5>\n\t\t\t\t<\/a>\n\t\t\t<\/div>\t\t\t\n                    <\/div>\n                <\/div>\n            <\/div><\/div><!-- .module_cont --><\/div><div class='row'><div style='padding-bottom:30px;' class='span12  module_number_8 module_cont  module_text_area'><div class='bg_title'><h3 style='color:#000;' class='headInModule'>Options<\/h3><\/div>\n                <div class='module_content'>\n                    <p><strong><span style=\"text-decoration: underline;\">Cr&eacute;ation de remerciements et faire-parts sur mesure (sur papier photo)<\/span><\/strong><br \/><br \/><span lang=\"FR-BE\"><strong>10X15 cm&nbsp;<\/strong>: Si &ndash; de 100 : 2&euro;\/ pi&egrave;ce&nbsp; Si + de 100 : 1,50&euro;\/ pi&egrave;ce<\/span><\/p>\r\n<p style=\"text-align: left;\"><span lang=\"FR-BE\"><strong>10X20 cm<\/strong> : Si &ndash; de 100 : 2,50&euro;\/ pi&egrave;ce&nbsp;&nbsp; Si + de 100 : 2&euro;\/ pi&egrave;ce<br \/><br \/><strong><span style=\"text-decoration: underline;\">Photo suppl&eacute;mentaire uniquement possible sur les packs R&eacute; et Mi<br \/>Pas de photo suppl&eacute;mentaire avec le pack DO<br \/><\/span><br \/><\/strong>Format HD num&eacute;rique : 15,00&euro;\/photo<br \/><br \/>Impressions (Doivent faire partie des photos HD) :<\/span><\/p>\r\n<p style=\"text-align: left;\"><span lang=\"FR-BE\"> 10x15&nbsp; &nbsp; &nbsp;6&euro;<\/span><\/p>\r\n<p style=\"text-align: left;\"><span lang=\"FR-BE\">13x18&nbsp; &nbsp; &nbsp;8&euro;<\/span><\/p>\r\n<p style=\"text-align: left;\">20x30 &nbsp; &nbsp; 20&euro;<\/p>\r\n<p style=\"text-align: left;\">30x45 &nbsp; &nbsp; 60&euro;<br \/><br \/>D'autres tailles disponibles sur demande<br \/><br \/>Les photos non retouch&eacute;es ne sont pas fournies<br \/><br \/>Le pack photo est &agrave; retirer au studio.<br \/>Un envoi est possible au prix de 9,00&euro;<br \/><br \/>Les s&eacute;ances sont pr&eacute;vues pour un maximum de 6 personnes. <br \/>Au del&agrave; de 6 personnes,&nbsp; suppl&eacute;ment de 15&euro;\/personne&nbsp;<\/p>\n                <\/div><\/div><!-- .module_cont --><\/div>","protected":false},"excerpt":{"rendered":"<p>3 packs pour les grossesses, nouveau-n\u00e9s et enfants. Nouveau-n&eacute;sPour photographier vos nouveau-n&eacute;s, le meilleur moment reste les premiers quinze jours, les b&eacute;b&eacute;s changent si rapidement&hellip; C&rsquo;est pourquoi je vous conseille de me contacter avant la naissance afin de fixer une date que nous pourrons au besoin d&eacute;placer.Le d&eacute;roulement de la s&eacute;ance sera adapt&eacute; &agrave; votre petit bout et &agrave; ses besoins (le n&eacute;cessaire sera mis &agrave; votre disposition pour le changer, chauffer son biberon, vous permettre de l&rsquo;allaiter,&hellip;). Je vous proposerai diff&eacute;rents accessoires et fonds afin d&rsquo;agr&eacute;menter vos photos selon vos personnalit&eacute;s. Toutes les pi&egrave;ces personnelles sont bien entendu les bienvenues (chaussons, tissu, le doudou, son nounours ou son jouet pr&eacute;f&eacute;r&eacute;).Les grands fr&egrave;res et s&oelig;urs doivent &ecirc;tre accompagn&eacute;s d&rsquo;une personne suppl&eacute;mentaire qui s&rsquo;occupera d&rsquo;eux, afin que la s&eacute;ance se d&eacute;roule dans les meilleures conditions.Apr&egrave;s le shooting, vous rentrez chez vous,&nbsp; je m&rsquo;occupe du reste et vous pr&eacute;viens d&egrave;s que le pack est disponible. Enfant \/ familleA un, &agrave; deux, &agrave; trois,&hellip; entre cousins, entre voisins,&hellip; avec papy et mamy, avec papa et maman,&hellip; Offrez-vous de beaux souvenirs ! GrossesseLe meilleur moment pour la s&eacute;ance de maternit&eacute; est entre la 30 et 35e semaine : &agrave; ce moment votre ventre est [&hellip;]<\/p>\n","protected":false},"author":1,"featured_media":0,"parent":0,"menu_order":0,"comment_status":"closed","ping_status":"closed","template":"","meta":{"footnotes":""},"class_list":["post-29","page","type-page","status-publish","hentry"],"_links":{"self":[{"href":"https:\/\/www.dgphoto.be\/index.php\/wp-json\/wp\/v2\/pages\/29","targetHints":{"allow":["GET"]}}],"collection":[{"href":"https:\/\/www.dgphoto.be\/index.php\/wp-json\/wp\/v2\/pages"}],"about":[{"href":"https:\/\/www.dgphoto.be\/index.php\/wp-json\/wp\/v2\/types\/page"}],"author":[{"embeddable":true,"href":"https:\/\/www.dgphoto.be\/index.php\/wp-json\/wp\/v2\/users\/1"}],"replies":[{"embeddable":true,"href":"https:\/\/www.dgphoto.be\/index.php\/wp-json\/wp\/v2\/comments?post=29"}],"version-history":[{"count":2,"href":"https:\/\/www.dgphoto.be\/index.php\/wp-json\/wp\/v2\/pages\/29\/revisions"}],"predecessor-version":[{"id":32,"href":"https:\/\/www.dgphoto.be\/index.php\/wp-json\/wp\/v2\/pages\/29\/revisions\/32"}],"wp:attachment":[{"href":"https:\/\/www.dgphoto.be\/index.php\/wp-json\/wp\/v2\/media?parent=29"}],"curies":[{"name":"wp","href":"https:\/\/api.w.org\/{rel}","templated":true}]}}