{"id":10,"date":"2016-02-07T00:38:42","date_gmt":"2016-02-06T23:38:42","guid":{"rendered":"http:\/\/www.dgphoto.be\/?page_id=10"},"modified":"2024-01-23T14:39:56","modified_gmt":"2024-01-23T13:39:56","slug":"studio-photo-photographe-liege","status":"publish","type":"page","link":"https:\/\/www.dgphoto.be\/index.php\/studio-photo-photographe-liege\/","title":{"rendered":"STUDIO PHOTO"},"content":{"rendered":"<p><img loading=\"lazy\" decoding=\"async\" class=\"alignnone  wp-image-828\" src=\"https:\/\/www.dgphoto.be\/wp-content\/uploads\/2024\/01\/PP-201x300.jpg\" alt=\"\" width=\"665\" height=\"993\" srcset=\"https:\/\/www.dgphoto.be\/wp-content\/uploads\/2024\/01\/PP-201x300.jpg 201w, https:\/\/www.dgphoto.be\/wp-content\/uploads\/2024\/01\/PP-686x1024.jpg 686w, https:\/\/www.dgphoto.be\/wp-content\/uploads\/2024\/01\/PP-768x1147.jpg 768w, https:\/\/www.dgphoto.be\/wp-content\/uploads\/2024\/01\/PP-1029x1536.jpg 1029w, https:\/\/www.dgphoto.be\/wp-content\/uploads\/2024\/01\/PP-1372x2048.jpg 1372w, https:\/\/www.dgphoto.be\/wp-content\/uploads\/2024\/01\/PP-scaled.jpg 1715w\" sizes=\"auto, (max-width: 665px) 100vw, 665px\" \/><\/p>\n<p>Pour votre confort et une s\u00e9ance agr\u00e9able, je vous accueille dans mon studio chaleureux et convivial situ\u00e9 \u00e0 Neupr\u00e9 dans la r\u00e9gion de Li\u00e8ge.<\/p>\n","protected":false},"excerpt":{"rendered":"<p>Pour votre confort et une s\u00e9ance agr\u00e9able, je vous accueille dans mon studio chaleureux et convivial situ\u00e9 \u00e0 Neupr\u00e9 dans la r\u00e9gion de Li\u00e8ge.<\/p>\n","protected":false},"author":1,"featured_media":0,"parent":0,"menu_order":0,"comment_status":"closed","ping_status":"closed","template":"page-center.php","meta":{"footnotes":""},"class_list":["post-10","page","type-page","status-publish","hentry"],"_links":{"self":[{"href":"https:\/\/www.dgphoto.be\/index.php\/wp-json\/wp\/v2\/pages\/10","targetHints":{"allow":["GET"]}}],"collection":[{"href":"https:\/\/www.dgphoto.be\/index.php\/wp-json\/wp\/v2\/pages"}],"about":[{"href":"https:\/\/www.dgphoto.be\/index.php\/wp-json\/wp\/v2\/types\/page"}],"author":[{"embeddable":true,"href":"https:\/\/www.dgphoto.be\/index.php\/wp-json\/wp\/v2\/users\/1"}],"replies":[{"embeddable":true,"href":"https:\/\/www.dgphoto.be\/index.php\/wp-json\/wp\/v2\/comments?post=10"}],"version-history":[{"count":7,"href":"https:\/\/www.dgphoto.be\/index.php\/wp-json\/wp\/v2\/pages\/10\/revisions"}],"predecessor-version":[{"id":829,"href":"https:\/\/www.dgphoto.be\/index.php\/wp-json\/wp\/v2\/pages\/10\/revisions\/829"}],"wp:attachment":[{"href":"https:\/\/www.dgphoto.be\/index.php\/wp-json\/wp\/v2\/media?parent=10"}],"curies":[{"name":"wp","href":"https:\/\/api.w.org\/{rel}","templated":true}]}}